{"id":278,"date":"2025-10-27T23:40:47","date_gmt":"2025-10-28T02:40:47","guid":{"rendered":"https:\/\/espaciomatta.cl\/web\/?page_id=278"},"modified":"2025-10-27T23:43:41","modified_gmt":"2025-10-28T02:43:41","slug":"orquesta-de-adulto-y-adulto-mayor","status":"publish","type":"page","link":"https:\/\/www.espaciomatta.cl\/web\/orquesta-de-adulto-y-adulto-mayor\/","title":{"rendered":"Orquesta de Adulto y Adulto Mayor"},"content":{"rendered":"\n<h2 class=\"wp-block-heading\"><strong>Orquesta de Adulto y Adulto Mayor<\/strong><\/h2>\n\n\n\n<p>La Orquesta del Adulto\u2013Adulto Mayor de La Granja, dirigida por \u00c1lvaro O\u2019Ryan junto a un comprometido equipo de profesores, es un proyecto que une m\u00fasica, cultura y bienestar en una sola experiencia transformadora.<\/p>\n\n\n\n<p>Desde su creaci\u00f3n, la orquesta se ha consolidado como un espacio donde las personas adultas y adultas mayores pueden expresarse a trav\u00e9s del arte, fortalecer su salud emocional y cognitiva, y compartir la alegr\u00eda de hacer m\u00fasica en comunidad.<br>Con un repertorio que combina obras del folclore chileno, cl\u00e1sicos populares y piezas del cine y la televisi\u00f3n, la agrupaci\u00f3n promueve la memoria cultural y el v\u00ednculo intergeneracional, al tiempo que impulsa la participaci\u00f3n activa, la autoestima y el bienestar integral de sus integrantes.<\/p>\n\n\n\n<p>M\u00e1s que una orquesta, es un s\u00edmbolo vivo de c\u00f3mo la m\u00fasica puede sanar, conectar y dar nuevo sentido a la vida.<\/p>\n\n\n\n<p>Los alumnos e integrantes de pueden aprender sobre los siguientes instrumentos: Guitarra, flauta, trompeta, viola, violines, contrabajo, bongos, panderos, piano el\u00e9ctrico, hi hat, caja, pedal de bombo y jemb\u00e9.<\/p>\n\n\n\n<p>Este elenco se conforma por personas entre los 32 a 89 a\u00f1os y tiene la peculiaridad de estar presente en cada uno de los centros culturales territoriales de la comuna gracias a la motivaci\u00f3n de acercar el arte y la cultura al territorio y a toda nuestra comunidad.<\/p>\n\n\n\n<div style=\"height:20px\" aria-hidden=\"true\" class=\"wp-block-spacer\"><\/div>\n\n\n<div class=\"n2-section-smartslider fitvidsignore  n2_clear\" data-ssid=\"4\" tabindex=\"0\" role=\"region\" aria-label=\"Slider\"><div id=\"n2-ss-4-align\" class=\"n2-ss-align\"><div class=\"n2-padding\"><div id=\"n2-ss-4\" data-creator=\"Smart Slider 3\" data-responsive=\"auto\" class=\"n2-ss-slider n2-ow n2-has-hover n2notransition  \"><div class=\"n2-ss-slider-wrapper-inside\">\n        <div class=\"n2-ss-slider-1 n2_ss__touch_element n2-ow\">\n            <div class=\"n2-ss-slider-2 n2-ow\">\n                                                <div class=\"n2-ss-slider-3 n2-ow\">\n\n                    <div class=\"n2-ss-slide-backgrounds n2-ow-all\"><div class=\"n2-ss-slide-background\" data-public-id=\"1\" data-mode=\"fill\"><div class=\"n2-ss-slide-background-image\" data-blur=\"0\" data-opacity=\"100\" data-x=\"50\" data-y=\"50\" data-alt=\"\" data-title=\"\"><picture class=\"skip-lazy\" data-skip-lazy=\"1\"><img decoding=\"async\" src=\"\/\/www.espaciomatta.cl\/web\/wp-content\/uploads\/2025\/11\/Arte-y-ciencia-12-scaled.webp\" alt=\"\" title=\"\" loading=\"lazy\" class=\"skip-lazy\" data-skip-lazy=\"1\"><\/picture><\/div><div data-color=\"RGBA(255,255,255,0)\" style=\"background-color: RGBA(255,255,255,0);\" class=\"n2-ss-slide-background-color\"><\/div><\/div><div class=\"n2-ss-slide-background\" data-public-id=\"2\" data-mode=\"fill\" aria-hidden=\"true\"><div class=\"n2-ss-slide-background-image\" data-blur=\"0\" data-opacity=\"100\" data-x=\"50\" data-y=\"50\" data-alt=\"\" data-title=\"\"><picture class=\"skip-lazy\" data-skip-lazy=\"1\"><img decoding=\"async\" src=\"\/\/www.espaciomatta.cl\/web\/wp-content\/uploads\/2025\/10\/Orquesta-de-Adulto1-5-scaled.webp\" alt=\"\" title=\"\" loading=\"lazy\" class=\"skip-lazy\" data-skip-lazy=\"1\"><\/picture><\/div><div data-color=\"RGBA(255,255,255,0)\" style=\"background-color: RGBA(255,255,255,0);\" class=\"n2-ss-slide-background-color\"><\/div><\/div><div class=\"n2-ss-slide-background\" data-public-id=\"3\" data-mode=\"fill\" aria-hidden=\"true\"><div class=\"n2-ss-slide-background-image\" data-blur=\"0\" data-opacity=\"100\" data-x=\"50\" data-y=\"50\" data-alt=\"\" data-title=\"\"><picture class=\"skip-lazy\" data-skip-lazy=\"1\"><img decoding=\"async\" src=\"\/\/www.espaciomatta.cl\/web\/wp-content\/uploads\/2025\/10\/Orquesta-de-Adulto1-6-scaled.webp\" alt=\"\" title=\"\" loading=\"lazy\" class=\"skip-lazy\" data-skip-lazy=\"1\"><\/picture><\/div><div data-color=\"RGBA(255,255,255,0)\" style=\"background-color: RGBA(255,255,255,0);\" class=\"n2-ss-slide-background-color\"><\/div><\/div><div class=\"n2-ss-slide-background\" data-public-id=\"4\" data-mode=\"fill\" aria-hidden=\"true\"><div class=\"n2-ss-slide-background-image\" data-blur=\"0\" data-opacity=\"100\" data-x=\"50\" data-y=\"50\" data-alt=\"\" data-title=\"\"><picture class=\"skip-lazy\" data-skip-lazy=\"1\"><img decoding=\"async\" src=\"\/\/www.espaciomatta.cl\/web\/wp-content\/uploads\/2025\/10\/Orquesta-de-Adulto1-7-scaled.webp\" alt=\"\" title=\"\" loading=\"lazy\" class=\"skip-lazy\" data-skip-lazy=\"1\"><\/picture><\/div><div data-color=\"RGBA(255,255,255,0)\" style=\"background-color: RGBA(255,255,255,0);\" class=\"n2-ss-slide-background-color\"><\/div><\/div><div class=\"n2-ss-slide-background\" data-public-id=\"5\" data-mode=\"fill\" aria-hidden=\"true\"><div class=\"n2-ss-slide-background-image\" data-blur=\"0\" data-opacity=\"100\" data-x=\"50\" data-y=\"50\" data-alt=\"\" data-title=\"\"><picture class=\"skip-lazy\" data-skip-lazy=\"1\"><img decoding=\"async\" src=\"\/\/www.espaciomatta.cl\/web\/wp-content\/uploads\/2025\/10\/Orquesta-de-Adulto1-8-scaled.webp\" alt=\"\" title=\"\" loading=\"lazy\" class=\"skip-lazy\" data-skip-lazy=\"1\"><\/picture><\/div><div data-color=\"RGBA(255,255,255,0)\" style=\"background-color: RGBA(255,255,255,0);\" class=\"n2-ss-slide-background-color\"><\/div><\/div><div class=\"n2-ss-slide-background\" data-public-id=\"6\" data-mode=\"fill\" aria-hidden=\"true\"><div class=\"n2-ss-slide-background-image\" data-blur=\"0\" data-opacity=\"100\" data-x=\"50\" data-y=\"50\" data-alt=\"\" data-title=\"\"><picture class=\"skip-lazy\" data-skip-lazy=\"1\"><img decoding=\"async\" src=\"\/\/www.espaciomatta.cl\/web\/wp-content\/uploads\/2025\/10\/Orquesta-de-Adulto1-4-scaled.webp\" alt=\"\" title=\"\" loading=\"lazy\" class=\"skip-lazy\" data-skip-lazy=\"1\"><\/picture><\/div><div data-color=\"RGBA(255,255,255,0)\" style=\"background-color: RGBA(255,255,255,0);\" class=\"n2-ss-slide-background-color\"><\/div><\/div><div class=\"n2-ss-slide-background\" data-public-id=\"7\" data-mode=\"fill\" aria-hidden=\"true\"><div class=\"n2-ss-slide-background-image\" data-blur=\"0\" data-opacity=\"100\" data-x=\"50\" data-y=\"50\" data-alt=\"\" data-title=\"\"><picture class=\"skip-lazy\" data-skip-lazy=\"1\"><img decoding=\"async\" src=\"\/\/www.espaciomatta.cl\/web\/wp-content\/uploads\/2025\/10\/Orquesta-de-Adulto1-3-scaled.webp\" alt=\"\" title=\"\" loading=\"lazy\" class=\"skip-lazy\" data-skip-lazy=\"1\"><\/picture><\/div><div data-color=\"RGBA(255,255,255,0)\" style=\"background-color: RGBA(255,255,255,0);\" class=\"n2-ss-slide-background-color\"><\/div><\/div><div class=\"n2-ss-slide-background\" data-public-id=\"8\" data-mode=\"fill\" aria-hidden=\"true\"><div class=\"n2-ss-slide-background-image\" data-blur=\"0\" data-opacity=\"100\" data-x=\"50\" data-y=\"50\" data-alt=\"\" data-title=\"\"><picture class=\"skip-lazy\" data-skip-lazy=\"1\"><img decoding=\"async\" src=\"\/\/www.espaciomatta.cl\/web\/wp-content\/uploads\/2025\/10\/Orquesta-de-Adulto1-2-scaled.webp\" alt=\"\" title=\"\" loading=\"lazy\" class=\"skip-lazy\" data-skip-lazy=\"1\"><\/picture><\/div><div data-color=\"RGBA(255,255,255,0)\" style=\"background-color: RGBA(255,255,255,0);\" class=\"n2-ss-slide-background-color\"><\/div><\/div><div class=\"n2-ss-slide-background\" data-public-id=\"9\" data-mode=\"fill\" aria-hidden=\"true\"><div class=\"n2-ss-slide-background-image\" data-blur=\"0\" data-opacity=\"100\" data-x=\"50\" data-y=\"50\" data-alt=\"\" data-title=\"\"><picture class=\"skip-lazy\" data-skip-lazy=\"1\"><img decoding=\"async\" src=\"\/\/www.espaciomatta.cl\/web\/wp-content\/uploads\/2025\/10\/Orquesta-de-Adulto1-1-scaled.webp\" alt=\"\" title=\"\" loading=\"lazy\" class=\"skip-lazy\" data-skip-lazy=\"1\"><\/picture><\/div><div data-color=\"RGBA(255,255,255,0)\" style=\"background-color: RGBA(255,255,255,0);\" class=\"n2-ss-slide-background-color\"><\/div><\/div><\/div>                    <div class=\"n2-ss-slider-4 n2-ow\">\n                        <svg xmlns=\"http:\/\/www.w3.org\/2000\/svg\" viewBox=\"0 0 1200 600\" data-related-device=\"desktopPortrait\" class=\"n2-ow n2-ss-preserve-size n2-ss-preserve-size--slider n2-ss-slide-limiter\"><\/svg><div data-first=\"1\" data-slide-duration=\"0\" data-id=\"159\" data-slide-public-id=\"1\" data-title=\"Arte y ciencia (12)\" class=\"n2-ss-slide n2-ow  n2-ss-slide-159\"><div role=\"note\" class=\"n2-ss-slide--focus\" tabindex=\"-1\">Arte y ciencia (12)<\/div><div class=\"n2-ss-layers-container n2-ss-slide-limiter n2-ow\"><div class=\"n2-ss-layer n2-ow n-uc-P1ovNKh4OmZp\" data-sstype=\"slide\" data-pm=\"default\"><\/div><\/div><\/div><div data-slide-duration=\"0\" data-id=\"160\" data-slide-public-id=\"2\" aria-hidden=\"true\" data-title=\"Orquesta de Adulto1 (5)\" class=\"n2-ss-slide n2-ow  n2-ss-slide-160\"><div role=\"note\" class=\"n2-ss-slide--focus\" tabindex=\"-1\">Orquesta de Adulto1 (5)<\/div><div class=\"n2-ss-layers-container n2-ss-slide-limiter n2-ow\"><div class=\"n2-ss-layer n2-ow n-uc-KkVQJSQ0V7Th\" data-sstype=\"slide\" data-pm=\"default\"><\/div><\/div><\/div><div data-slide-duration=\"0\" data-id=\"161\" data-slide-public-id=\"3\" aria-hidden=\"true\" data-title=\"Orquesta de Adulto1 (6)\" class=\"n2-ss-slide n2-ow  n2-ss-slide-161\"><div role=\"note\" class=\"n2-ss-slide--focus\" tabindex=\"-1\">Orquesta de Adulto1 (6)<\/div><div class=\"n2-ss-layers-container n2-ss-slide-limiter n2-ow\"><div class=\"n2-ss-layer n2-ow n-uc-lUcjhAas6ztA\" data-sstype=\"slide\" data-pm=\"default\"><\/div><\/div><\/div><div data-slide-duration=\"0\" data-id=\"162\" data-slide-public-id=\"4\" aria-hidden=\"true\" data-title=\"Orquesta de Adulto1 (7)\" class=\"n2-ss-slide n2-ow  n2-ss-slide-162\"><div role=\"note\" class=\"n2-ss-slide--focus\" tabindex=\"-1\">Orquesta de Adulto1 (7)<\/div><div class=\"n2-ss-layers-container n2-ss-slide-limiter n2-ow\"><div class=\"n2-ss-layer n2-ow n-uc-9NwZaUapCRuy\" data-sstype=\"slide\" data-pm=\"default\"><\/div><\/div><\/div><div data-slide-duration=\"0\" data-id=\"163\" data-slide-public-id=\"5\" aria-hidden=\"true\" data-title=\"Orquesta de Adulto1 (8)\" class=\"n2-ss-slide n2-ow  n2-ss-slide-163\"><div role=\"note\" class=\"n2-ss-slide--focus\" tabindex=\"-1\">Orquesta de Adulto1 (8)<\/div><div class=\"n2-ss-layers-container n2-ss-slide-limiter n2-ow\"><div class=\"n2-ss-layer n2-ow n-uc-xCAfWjcLKpwm\" data-sstype=\"slide\" data-pm=\"default\"><\/div><\/div><\/div><div data-slide-duration=\"0\" data-id=\"164\" data-slide-public-id=\"6\" aria-hidden=\"true\" data-title=\"Orquesta de Adulto1 (4)\" class=\"n2-ss-slide n2-ow  n2-ss-slide-164\"><div role=\"note\" class=\"n2-ss-slide--focus\" tabindex=\"-1\">Orquesta de Adulto1 (4)<\/div><div class=\"n2-ss-layers-container n2-ss-slide-limiter n2-ow\"><div class=\"n2-ss-layer n2-ow n-uc-B7lnBfQ3qt3t\" data-sstype=\"slide\" data-pm=\"default\"><\/div><\/div><\/div><div data-slide-duration=\"0\" data-id=\"165\" data-slide-public-id=\"7\" aria-hidden=\"true\" data-title=\"Orquesta de Adulto1 (3)\" class=\"n2-ss-slide n2-ow  n2-ss-slide-165\"><div role=\"note\" class=\"n2-ss-slide--focus\" tabindex=\"-1\">Orquesta de Adulto1 (3)<\/div><div class=\"n2-ss-layers-container n2-ss-slide-limiter n2-ow\"><div class=\"n2-ss-layer n2-ow n-uc-F3cU3Ap6VHe5\" data-sstype=\"slide\" data-pm=\"default\"><\/div><\/div><\/div><div data-slide-duration=\"0\" data-id=\"166\" data-slide-public-id=\"8\" aria-hidden=\"true\" data-title=\"Orquesta de Adulto1 (2)\" class=\"n2-ss-slide n2-ow  n2-ss-slide-166\"><div role=\"note\" class=\"n2-ss-slide--focus\" tabindex=\"-1\">Orquesta de Adulto1 (2)<\/div><div class=\"n2-ss-layers-container n2-ss-slide-limiter n2-ow\"><div class=\"n2-ss-layer n2-ow n-uc-XglkjN7YvTPH\" data-sstype=\"slide\" data-pm=\"default\"><\/div><\/div><\/div><div data-slide-duration=\"0\" data-id=\"167\" data-slide-public-id=\"9\" aria-hidden=\"true\" data-title=\"Orquesta de Adulto1 (1)\" class=\"n2-ss-slide n2-ow  n2-ss-slide-167\"><div role=\"note\" class=\"n2-ss-slide--focus\" tabindex=\"-1\">Orquesta de Adulto1 (1)<\/div><div class=\"n2-ss-layers-container n2-ss-slide-limiter n2-ow\"><div class=\"n2-ss-layer n2-ow n-uc-va6VRqx5eR8u\" data-sstype=\"slide\" data-pm=\"default\"><\/div><\/div><\/div>                    <\/div>\n\n                                    <\/div>\n            <\/div>\n        <\/div>\n        <div class=\"n2-ss-slider-controls n2-ss-slider-controls-absolute-left-center\"><div style=\"--widget-offset:15px;\" class=\"n2-ss-widget nextend-arrow n2-ow-all nextend-arrow-previous  nextend-arrow-animated-fade\" data-hide-mobileportrait=\"1\" id=\"n2-ss-4-arrow-previous\" role=\"button\" aria-label=\"previous arrow\" tabindex=\"0\"><img decoding=\"async\" width=\"32\" height=\"32\" class=\"skip-lazy\" data-skip-lazy=\"1\" src=\"data:image\/svg+xml;base64,PHN2ZyB3aWR0aD0iMzIiIGhlaWdodD0iMzIiIHZpZXdCb3g9IjAgMCAzMiAzMiIgeG1sbnM9Imh0dHA6Ly93d3cudzMub3JnLzIwMDAvc3ZnIj4KICAgIDxwYXRoIGQ9Ik0xMS40MzMgMTUuOTkyTDIyLjY5IDUuNzEyYy4zOTMtLjM5LjM5My0xLjAzIDAtMS40Mi0uMzkzLS4zOS0xLjAzLS4zOS0xLjQyMyAwbC0xMS45OCAxMC45NGMtLjIxLjIxLS4zLjQ5LS4yODUuNzYtLjAxNS4yOC4wNzUuNTYuMjg0Ljc3bDExLjk4IDEwLjk0Yy4zOTMuMzkgMS4wMy4zOSAxLjQyNCAwIC4zOTMtLjQuMzkzLTEuMDMgMC0xLjQybC0xMS4yNTctMTAuMjkiCiAgICAgICAgICBmaWxsPSIjZmZmZmZmIiBvcGFjaXR5PSIwLjgiIGZpbGwtcnVsZT0iZXZlbm9kZCIvPgo8L3N2Zz4=\" alt=\"previous arrow\"><\/div><\/div><div class=\"n2-ss-slider-controls n2-ss-slider-controls-absolute-right-center\"><div style=\"--widget-offset:15px;\" class=\"n2-ss-widget nextend-arrow n2-ow-all nextend-arrow-next  nextend-arrow-animated-fade\" data-hide-mobileportrait=\"1\" id=\"n2-ss-4-arrow-next\" role=\"button\" aria-label=\"next arrow\" tabindex=\"0\"><img decoding=\"async\" width=\"32\" height=\"32\" class=\"skip-lazy\" data-skip-lazy=\"1\" src=\"data:image\/svg+xml;base64,PHN2ZyB3aWR0aD0iMzIiIGhlaWdodD0iMzIiIHZpZXdCb3g9IjAgMCAzMiAzMiIgeG1sbnM9Imh0dHA6Ly93d3cudzMub3JnLzIwMDAvc3ZnIj4KICAgIDxwYXRoIGQ9Ik0xMC43MjIgNC4yOTNjLS4zOTQtLjM5LTEuMDMyLS4zOS0xLjQyNyAwLS4zOTMuMzktLjM5MyAxLjAzIDAgMS40MmwxMS4yODMgMTAuMjgtMTEuMjgzIDEwLjI5Yy0uMzkzLjM5LS4zOTMgMS4wMiAwIDEuNDIuMzk1LjM5IDEuMDMzLjM5IDEuNDI3IDBsMTIuMDA3LTEwLjk0Yy4yMS0uMjEuMy0uNDkuMjg0LS43Ny4wMTQtLjI3LS4wNzYtLjU1LS4yODYtLjc2TDEwLjcyIDQuMjkzeiIKICAgICAgICAgIGZpbGw9IiNmZmZmZmYiIG9wYWNpdHk9IjAuOCIgZmlsbC1ydWxlPSJldmVub2RkIi8+Cjwvc3ZnPg==\" alt=\"next arrow\"><\/div><\/div><\/div><\/div><ss3-loader><\/ss3-loader><\/div><\/div><div class=\"n2_clear\"><\/div><\/div>\n\n\n<div style=\"height:20px\" aria-hidden=\"true\" class=\"wp-block-spacer\"><\/div>\n\n\n\n<figure class=\"wp-block-table\"><table class=\"has-fixed-layout\"><tbody><tr><td colspan=\"4\">Orquesta de Adulto y Adulto Mayor<\/td><\/tr><tr><td>D\u00cdA<\/td><td>INICIO<\/td><td>FIN<\/td><td>Sala\/ Lugar<\/td><\/tr><tr><td>Lunes<\/td><td>10:00<\/td><td>12:00<\/td><td>C.C. Millalemu<\/td><\/tr><tr><td>Martes<\/td><td>10:00<\/td><td>12:00<\/td><td>C.C. San Gregorio<\/td><\/tr><tr><td>Mi\u00e9rcoles<\/td><td>10:00<\/td><td>12:00<\/td><td>C.C. Poeta Neruda<\/td><\/tr><tr><td>Jueves<\/td><td>10:00<\/td><td>12:00<\/td><td>C.C Gabriela Mistral<\/td><\/tr><\/tbody><\/table><\/figure>\n\n\n\n<hr class=\"wp-block-separator has-css-opacity\"\/>\n\n\n\n<div style=\"height:40px\" aria-hidden=\"true\" class=\"wp-block-spacer\"><\/div>\n\n\n\n<p><\/p>\n","protected":false},"excerpt":{"rendered":"<p>Orquesta de Adulto y Adulto Mayor La Orquesta del Adulto\u2013Adulto Mayor de La Granja, dirigida por \u00c1lvaro O\u2019Ryan junto a un comprometido equipo de profesores, es un proyecto que une [&hellip;]<\/p>\n","protected":false},"author":1,"featured_media":0,"parent":0,"menu_order":0,"comment_status":"closed","ping_status":"closed","template":"","meta":{"_price":"","_stock":"","_tribe_ticket_header":"","_tribe_default_ticket_provider":"","_ticket_start_date":"","_ticket_end_date":"","_tribe_ticket_show_description":"","_tribe_ticket_show_not_going":false,"_tribe_ticket_use_global_stock":"","_tribe_ticket_global_stock_level":"","_global_stock_mode":"","_global_stock_cap":"","_tribe_rsvp_for_event":"","_tribe_ticket_going_count":"","_tribe_ticket_not_going_count":"","_tribe_tickets_list":"[]","_tribe_ticket_has_attendee_info_fields":false,"footnotes":"","_tec_slr_enabled":"","_tec_slr_layout":""},"class_list":["post-278","page","type-page","status-publish","hentry"],"ticketed":false,"_links":{"self":[{"href":"https:\/\/www.espaciomatta.cl\/web\/wp-json\/wp\/v2\/pages\/278","targetHints":{"allow":["GET"]}}],"collection":[{"href":"https:\/\/www.espaciomatta.cl\/web\/wp-json\/wp\/v2\/pages"}],"about":[{"href":"https:\/\/www.espaciomatta.cl\/web\/wp-json\/wp\/v2\/types\/page"}],"author":[{"embeddable":true,"href":"https:\/\/www.espaciomatta.cl\/web\/wp-json\/wp\/v2\/users\/1"}],"replies":[{"embeddable":true,"href":"https:\/\/www.espaciomatta.cl\/web\/wp-json\/wp\/v2\/comments?post=278"}],"version-history":[{"count":9,"href":"https:\/\/www.espaciomatta.cl\/web\/wp-json\/wp\/v2\/pages\/278\/revisions"}],"predecessor-version":[{"id":16305,"href":"https:\/\/www.espaciomatta.cl\/web\/wp-json\/wp\/v2\/pages\/278\/revisions\/16305"}],"wp:attachment":[{"href":"https:\/\/www.espaciomatta.cl\/web\/wp-json\/wp\/v2\/media?parent=278"}],"curies":[{"name":"wp","href":"https:\/\/api.w.org\/{rel}","templated":true}]}}