{"id":670,"date":"2021-05-11T01:21:14","date_gmt":"2021-05-11T04:21:14","guid":{"rendered":"https:\/\/espaciomatta.cl\/web\/?page_id=670"},"modified":"2025-07-25T20:29:37","modified_gmt":"2025-07-26T00:29:37","slug":"historia","status":"publish","type":"page","link":"https:\/\/www.espaciomatta.cl\/web\/historia\/","title":{"rendered":"Historia"},"content":{"rendered":"\n<p class=\"has-medium-font-size\"><strong>Historia<\/strong><\/p>\n\n\n\n<p>El Centro Cultural Espacio Matta de La Granja es el mayor proyecto de infraestructura cultural aprobado en toda la historia del Gobierno Regional Metropolitano por un monto de $2.000 millones. Este gran proyecto se origina en la necesidad de fundar un recinto id\u00f3neo para el fomento de la excelencia art\u00edstica y el encuentro ciudadano en la zona sur de Santiago, adem\u00e1s de conservar y proyectar el Mural creado creado en 1971 por Roberto Matta y la Brigada Ramona Parra \u201cEl Primer Gol del Pueblo Chileno\u201d, el cual fue cubierto con 14 capas de pintura tras el golpe de Estado de 1973 y restaurado por el Municipio de La Granja entre el 2005 y el 2007.<\/p>\n\n\n\n<p>Espacio Matta fue inaugurado el 11 de abril de 2010, realiza actividades de car\u00e1cter cultural , entre las disciplinas que se desarrollan podemos mencionar teatro, m\u00fasica, danza, cine y exposiciones. Adem\u00e1s alberga a tres de sus elencos estables, Ballet Municipal, Orquesta Sinf\u00f3nica Municipal y C\u00eda. de Teatro Espacio Matta , y se desarrollan talleres de pintura al \u00f3leo, literatura, mosaico, guitarra, teatro y yoga.<\/p>\n\n\n\n<p><\/p>\n\n\n\n<div style=\"height:20px\" aria-hidden=\"true\" class=\"wp-block-spacer\"><\/div>\n\n\n\n<p><\/p>\n","protected":false},"excerpt":{"rendered":"<p>Historia El Centro Cultural Espacio Matta de La Granja es el mayor proyecto de infraestructura cultural aprobado en toda la historia del Gobierno Regional Metropolitano por un monto de $2.000 [&hellip;]<\/p>\n","protected":false},"author":57,"featured_media":0,"parent":0,"menu_order":0,"comment_status":"closed","ping_status":"closed","template":"","meta":{"_price":"","_stock":"","_tribe_ticket_header":"","_tribe_default_ticket_provider":"","_ticket_start_date":"","_ticket_end_date":"","_tribe_ticket_show_description":"","_tribe_ticket_show_not_going":false,"_tribe_ticket_use_global_stock":"","_tribe_ticket_global_stock_level":"","_global_stock_mode":"","_global_stock_cap":"","_tribe_rsvp_for_event":"","_tribe_ticket_going_count":"","_tribe_ticket_not_going_count":"","_tribe_tickets_list":"[]","_tribe_ticket_has_attendee_info_fields":false,"footnotes":"","_tec_slr_enabled":"","_tec_slr_layout":""},"class_list":["post-670","page","type-page","status-publish","hentry"],"ticketed":false,"_links":{"self":[{"href":"https:\/\/www.espaciomatta.cl\/web\/wp-json\/wp\/v2\/pages\/670","targetHints":{"allow":["GET"]}}],"collection":[{"href":"https:\/\/www.espaciomatta.cl\/web\/wp-json\/wp\/v2\/pages"}],"about":[{"href":"https:\/\/www.espaciomatta.cl\/web\/wp-json\/wp\/v2\/types\/page"}],"author":[{"embeddable":true,"href":"https:\/\/www.espaciomatta.cl\/web\/wp-json\/wp\/v2\/users\/57"}],"replies":[{"embeddable":true,"href":"https:\/\/www.espaciomatta.cl\/web\/wp-json\/wp\/v2\/comments?post=670"}],"version-history":[{"count":4,"href":"https:\/\/www.espaciomatta.cl\/web\/wp-json\/wp\/v2\/pages\/670\/revisions"}],"predecessor-version":[{"id":12318,"href":"https:\/\/www.espaciomatta.cl\/web\/wp-json\/wp\/v2\/pages\/670\/revisions\/12318"}],"wp:attachment":[{"href":"https:\/\/www.espaciomatta.cl\/web\/wp-json\/wp\/v2\/media?parent=670"}],"curies":[{"name":"wp","href":"https:\/\/api.w.org\/{rel}","templated":true}]}}